{"id":89,"date":"2021-05-19T19:08:36","date_gmt":"2021-05-19T19:08:36","guid":{"rendered":"https:\/\/pentagon.lima-city.ch\/wordpress\/?page_id=89"},"modified":"2021-05-30T14:11:45","modified_gmt":"2021-05-30T14:11:45","slug":"forschungsmethode","status":"publish","type":"page","link":"https:\/\/pentagon.lima-city.ch\/wordpress\/forschungsmethode\/","title":{"rendered":"Forschungsmethode"},"content":{"rendered":"\n<p class=\"has-text-align-justify\">Die Studie wird im Mixed-Methods-Ansatz durch\u00adge\u00adf\u00fchrt, da wir einer\u00adseits Erfah\u00adrun\u00adgen und Aus\u00adsa\u00adgen der Stu\u00addie\u00adren\u00adden erfas\u00adsen (rela\u00adtiv neues Ph\u00e4\u00adno\u00admen: Online-Lehre \u201eerst\u201d seit ca. vier\u00adzehn Mona\u00adten) und ande\u00adrer\u00adseits ein Gef\u00fchl f\u00fcr H\u00e4u\u00adfig\u00adkei\u00adten (z.B. Vor\u00adle\u00adsungs\u00adbe\u00adsuch) erhe\u00adben m\u00f6chten.<\/p>\n\n\n\n<p class=\"has-text-align-justify\">Die Daten\u00ader\u00adhe\u00adbung erfolgt mit\u00adtels Online-Fra\u00adge\u00adbo\u00adgen und besteht aus Single-Choice (quan\u00adti\u00adta\u00adtiv) sowie offe\u00adnen Fra\u00adge\u00adstel\u00adlun\u00adgen (qua\u00adli\u00adta\u00adtiv). Die Aus\u00adwer\u00adtung erfolgt explana\u00adtiv und mit\u00adhil\u00adfe von Hypo\u00adthe\u00adsen. Die Kor\u00adre\u00adla\u00adti\u00adon zwi\u00adschen Online-Lehre und Moti\u00adva\u00adti\u00adon wird anhand der Basic Needs untersucht.<\/p>\n\n\n\n<p class=\"has-text-align-justify\"><\/p>\n","protected":false},"excerpt":{"rendered":"<p>Die Studie wird im Mixed-Methods-Ansatz durch\u00adge\u00adf\u00fchrt, da wir einer\u00adseits Erfah\u00adrun\u00adgen und Aus\u00adsa\u00adgen der Stu\u00addie\u00adren\u00adden erfas\u00adsen (rela\u00adtiv neues Ph\u00e4nomen:<\/p>\n","protected":false},"author":1,"featured_media":0,"parent":0,"menu_order":0,"comment_status":"closed","ping_status":"closed","template":"","meta":{"_editorskit_title_hidden":false,"_editorskit_reading_time":1,"_editorskit_is_block_options_detached":false,"_editorskit_block_options_position":"{}","wp_typography_post_enhancements_disabled":false,"_tutorstarter_page_metadata":[],"footnotes":""},"class_list":["post-89","page","type-page","status-publish","hentry"],"uagb_featured_image_src":{"full":false,"thumbnail":false,"medium":false,"medium_large":false,"large":false,"1536x1536":false,"2048x2048":false,"cart-image-thumb":false,"wp_review_small":false,"wp_review_large":false,"advps-thumb-one":false},"uagb_author_info":{"display_name":"Pentagon","author_link":"https:\/\/pentagon.lima-city.ch\/wordpress\/author\/pentagon\/"},"uagb_comment_info":0,"uagb_excerpt":"Die Studie wird im Mixed-Methods-Ansatz durch\u00adge\u00adf\u00fchrt, da wir einer\u00adseits Erfah\u00adrun\u00adgen und Aus\u00adsa\u00adgen der Stu\u00addie\u00adren\u00adden erfas\u00adsen (rela\u00adtiv neues Ph\u00e4\u00adno\u00admen:","_links":{"self":[{"href":"https:\/\/pentagon.lima-city.ch\/wordpress\/wp-json\/wp\/v2\/pages\/89","targetHints":{"allow":["GET"]}}],"collection":[{"href":"https:\/\/pentagon.lima-city.ch\/wordpress\/wp-json\/wp\/v2\/pages"}],"about":[{"href":"https:\/\/pentagon.lima-city.ch\/wordpress\/wp-json\/wp\/v2\/types\/page"}],"author":[{"embeddable":true,"href":"https:\/\/pentagon.lima-city.ch\/wordpress\/wp-json\/wp\/v2\/users\/1"}],"replies":[{"embeddable":true,"href":"https:\/\/pentagon.lima-city.ch\/wordpress\/wp-json\/wp\/v2\/comments?post=89"}],"version-history":[{"count":7,"href":"https:\/\/pentagon.lima-city.ch\/wordpress\/wp-json\/wp\/v2\/pages\/89\/revisions"}],"predecessor-version":[{"id":485,"href":"https:\/\/pentagon.lima-city.ch\/wordpress\/wp-json\/wp\/v2\/pages\/89\/revisions\/485"}],"wp:attachment":[{"href":"https:\/\/pentagon.lima-city.ch\/wordpress\/wp-json\/wp\/v2\/media?parent=89"}],"curies":[{"name":"wp","href":"https:\/\/api.w.org\/{rel}","templated":true}]}}